{"id":605,"date":"2022-02-22T14:58:14","date_gmt":"2022-02-22T17:58:14","guid":{"rendered":"http:\/\/blissparfum.codewalker.com.br\/?page_id=605"},"modified":"2022-02-22T15:31:51","modified_gmt":"2022-02-22T18:31:51","slug":"perfume-do-mes","status":"publish","type":"page","link":"https:\/\/blissparfum.codewalker.com.br\/index.php\/perfume-do-mes\/","title":{"rendered":"Perfume do M\u00eas"},"content":{"rendered":"\t\t<div data-elementor-type=\"wp-page\" data-elementor-id=\"605\" class=\"elementor elementor-605\" data-elementor-settings=\"[]\">\n\t\t\t\t\t\t<div class=\"elementor-inner\">\n\t\t\t\t\t\t\t<div class=\"elementor-section-wrap\">\n\t\t\t\t\t\t\t<section class=\"elementor-section elementor-top-section elementor-element elementor-element-3cd55a3 elementor-section-boxed elementor-section-height-default elementor-section-height-default\" data-id=\"3cd55a3\" data-element_type=\"section\">\n\t\t\t\t\t\t<div class=\"elementor-container elementor-column-gap-default\">\n\t\t\t\t\t\t\t<div class=\"elementor-row\">\n\t\t\t\t\t<div class=\"aux-parallax-section elementor-column elementor-col-33 elementor-top-column elementor-element elementor-element-d2259d5\" data-id=\"d2259d5\" data-element_type=\"column\">\n\t\t\t<div class=\"elementor-column-wrap elementor-element-populated\">\n\t\t\t\t\t\t\t<div class=\"elementor-widget-wrap\">\n\t\t\t\t\t\t<div class=\"elementor-element elementor-element-1eb85e4 elementor-cta--skin-classic elementor-animated-content elementor-bg-transform elementor-bg-transform-zoom-in elementor-widget elementor-widget-call-to-action\" data-id=\"1eb85e4\" data-element_type=\"widget\" data-widget_type=\"call-to-action.default\">\n\t\t\t\t<div class=\"elementor-widget-container\">\n\t\t\t\t\t<div class=\"elementor-cta\">\n\t\t\t\t\t<div class=\"elementor-cta__bg-wrapper\">\n\t\t\t\t<div class=\"elementor-cta__bg elementor-bg\" style=\"background-image: url(https:\/\/blissparfum.codewalker.com.br\/wp-content\/uploads\/2018\/07\/La-vie-intensee.jpg);\"><\/div>\n\t\t\t\t<div class=\"elementor-cta__bg-overlay\"><\/div>\n\t\t\t<\/div>\n\t\t\t\t\t\t\t<div class=\"elementor-cta__content\">\n\t\t\t\t\n\t\t\t\t<h2 class=\"elementor-cta__title elementor-cta__content-item elementor-content-item\">Compre agora<\/h2>\n\t\t\t\t\n\t\t\t\t\t\t\t\t\t<div class=\"elementor-cta__button-wrapper elementor-cta__content-item elementor-content-item \">\n\t\t\t\t\t<a class=\"elementor-cta__button elementor-button elementor-size-sm\" href=\"http:\/\/blissparfum.codewalker.com.br\/index.php\/produto\/lavie\/\">\n\t\t\t\t\t\tClique Aqui\t\t\t\t\t<\/a>\n\t\t\t\t\t<\/div>\n\t\t\t\t\t\t\t<\/div>\n\t\t\t\t\t\t\t<div class=\"elementor-ribbon\">\n\t\t\t\t<div class=\"elementor-ribbon-inner\">10% OFF<\/div>\n\t\t\t<\/div>\n\t\t\t\t<\/div>\n\t\t\t\t<\/div>\n\t\t\t\t<\/div>\n\t\t\t\t\t\t<\/div>\n\t\t\t\t\t<\/div>\n\t\t<\/div>\n\t\t\t\t<div class=\"aux-parallax-section elementor-column elementor-col-66 elementor-top-column elementor-element elementor-element-9be0d6e\" data-id=\"9be0d6e\" data-element_type=\"column\">\n\t\t\t<div class=\"elementor-column-wrap elementor-element-populated\">\n\t\t\t\t\t\t\t<div class=\"elementor-widget-wrap\">\n\t\t\t\t\t\t<div class=\"elementor-element elementor-element-430bb68 elementor-blockquote--skin-boxed elementor-blockquote--align-center elementor-blockquote--button-color-official elementor-widget elementor-widget-blockquote\" data-id=\"430bb68\" data-element_type=\"widget\" data-widget_type=\"blockquote.default\">\n\t\t\t\t<div class=\"elementor-widget-container\">\n\t\t\t\t\t<blockquote class=\"elementor-blockquote\">\n\t\t\t<p class=\"elementor-blockquote__content\">\n\t\t\t\t\u201cLa vie est belle\u201d - Do Franc\u00eas \"A vida \u00e9 bela\". O manifesto de uma nova era, universal mas ainda sim pessoal. A feminilidade do Lanc\u00f4me \u00e9 uma escolha das mulheres e n\u00e3o um padr\u00e3o \u00e0 elas imposto. A escolha de viver a vida, preench\u00ea-la com beleza e trilhar sua pr\u00f3pria hist\u00f3ria.\t\t\t<\/p>\n\t\t\t\t\t\t\t<footer>\n\t\t\t\t\t\t\t\t\t\t\t<cite class=\"elementor-blockquote__author\">Sue Yousef Nabi<\/cite>\n\t\t\t\t\t\t\t\t\t\t\t\t\t\t<\/footer>\n\t\t\t\t\t<\/blockquote>\n\t\t\t\t<\/div>\n\t\t\t\t<\/div>\n\t\t\t\t\t\t<\/div>\n\t\t\t\t\t<\/div>\n\t\t<\/div>\n\t\t\t\t\t\t\t\t<\/div>\n\t\t\t\t\t<\/div>\n\t\t<\/section>\n\t\t\t\t<section class=\"elementor-section elementor-top-section elementor-element elementor-element-3f7883a elementor-section-boxed elementor-section-height-default elementor-section-height-default\" data-id=\"3f7883a\" data-element_type=\"section\">\n\t\t\t\t\t\t<div class=\"elementor-container elementor-column-gap-default\">\n\t\t\t\t\t\t\t<div class=\"elementor-row\">\n\t\t\t\t\t<div class=\"aux-parallax-section elementor-column elementor-col-50 elementor-top-column elementor-element elementor-element-6660cdf\" data-id=\"6660cdf\" data-element_type=\"column\">\n\t\t\t<div class=\"elementor-column-wrap elementor-element-populated\">\n\t\t\t\t\t\t\t<div class=\"elementor-widget-wrap\">\n\t\t\t\t\t\t<div class=\"elementor-element elementor-element-f64c17c elementor-widget elementor-widget-aux_video\" data-id=\"f64c17c\" data-element_type=\"widget\" data-widget_type=\"aux_video.default\">\n\t\t\t\t<div class=\"elementor-widget-container\">\n\t\t\t<section class=\"widget-container aux-widget-video aux-parent-au707180f6\" style=\"\" ><div style=\"width: 580px;\" class=\"wp-video\"><video class=\"wp-video-shortcode aux-player-dark aux-provider-youtube\" id=\"video-605-1\" width=\"580\" height=\"400\" poster=\"https:\/\/blissparfum.codewalker.com.br\/wp-content\/uploads\/2022\/02\/a96ff3_3202188e85154789837ef5a8c5fc8705_mv2-580x400.jpg\" loop preload=\"metadata\" controls=\"controls\"><source type=\"video\/youtube\" src=\"https:\/\/www.youtube.com\/watch?v=uRaN469UAmE&#038;ab_channel=LancomeUSA&#038;_=1\" \/><a href=\"https:\/\/www.youtube.com\/watch?v=uRaN469UAmE&#038;ab_channel=LancomeUSA\">https:\/\/www.youtube.com\/watch?v=uRaN469UAmE&#038;ab_channel=LancomeUSA<\/a><\/video><\/div><\/section><!-- widget-container -->\t\t<\/div>\n\t\t\t\t<\/div>\n\t\t\t\t\t\t<\/div>\n\t\t\t\t\t<\/div>\n\t\t<\/div>\n\t\t\t\t<div class=\"aux-parallax-section elementor-column elementor-col-50 elementor-top-column elementor-element elementor-element-8b181fa\" data-id=\"8b181fa\" data-element_type=\"column\">\n\t\t\t<div class=\"elementor-column-wrap elementor-element-populated\">\n\t\t\t\t\t\t\t<div class=\"elementor-widget-wrap\">\n\t\t\t\t\t\t<div class=\"elementor-element elementor-element-fcdfa04 elementor-widget elementor-widget-aux_blockquote\" data-id=\"fcdfa04\" data-element_type=\"widget\" data-widget_type=\"aux_blockquote.default\">\n\t\t\t\t<div class=\"elementor-widget-container\">\n\t\t\t<section class=\"widget-container aux-widget-quote aux-parent-auf9bf5d04\" style=\"\" ><blockquote class=\"aux-elem-quote aux-blockquote-normal aux-text-align-inherit aux-quote-symbol\"><p><strong>Dica de uso:<\/strong>\u00a0Para que a fragr\u00e2ncia dure o dia todo, sem necessidade de reaplicar, prepare a pele com um hidratante. Enquanto a pele ainda estiver \u00famida, borrife uma camada da fragr\u00e2ncia em \u00e1reas como: pesco\u00e7o, pulsos, atras das orelhas, etc.<br \/>\n<br \/>\n<strong>Familia Olfativa:\u00a0<\/strong>Floral, Frutal, Gustativo<br \/>\n<br \/>\nAqui voc\u00ea v\u00ea o floral, mas te digo que n\u00e3o \u00e9 floralz\u00e3o, tipo\u00a0 cheiro de l\u00edrio, sabe? Eu particularmente n\u00e3o gosto de cheiro intenso de flor. Eu gosto da feminilidade da flor, mas precisa ter um toque \"comest\u00edvel\" pra quebrar. \u00c9 a\u00ed que entra o frutal gustativo. Ele n\u00e3o chega ser gourmant, que \u00e9 o perfume que lembra coisa de comer, te faz ter vontade de comer, mas tem o atrativo dessa categoria.<br \/>\n<br \/>\n<strong>Notas de Topo:\u00a0<\/strong>Cassis ou groselha preta e P\u00eara<br \/>\n<strong>Notas de Cora\u00e7\u00e3o:<\/strong>\u00cdris, Jasmin e Flor de Laranjeira<br \/>\n<strong>Notas de Fundo:\u00a0<\/strong>Patchouli, Fava Tonka, Baunilha e Pralin\u00ea\nSobre a durabilidade: ele \u00e9 EDP (eau de parfum) e a\u00a0<strong>durabilidade \u00e9 incr\u00edvel!\u00a0<\/strong><\/p><\/blockquote><\/section><!-- widget-container -->\t\t<\/div>\n\t\t\t\t<\/div>\n\t\t\t\t\t\t<\/div>\n\t\t\t\t\t<\/div>\n\t\t<\/div>\n\t\t\t\t\t\t\t\t<\/div>\n\t\t\t\t\t<\/div>\n\t\t<\/section>\n\t\t\t\t\t\t<\/div>\n\t\t\t\t\t\t<\/div>\n\t\t\t\t\t<\/div>\n\t\t","protected":false},"excerpt":{"rendered":"<p>Compre agora Clique Aqui 10% OFF \u201cLa vie est belle\u201d &#8211; Do Franc\u00eas &#8220;A vida \u00e9 bela&#8221;. O manifesto de uma nova era, universal mas ainda sim pessoal. A feminilidade do Lanc\u00f4me \u00e9 uma escolha das mulheres e n\u00e3o um padr\u00e3o \u00e0 elas imposto. A escolha de viver a vida, preench\u00ea-la com beleza e trilhar [&hellip;]<\/p>\n","protected":false},"author":1,"featured_media":0,"parent":0,"menu_order":0,"comment_status":"closed","ping_status":"closed","template":"","meta":{"footnotes":""},"class_list":["post-605","page","type-page","status-publish","hentry"],"_links":{"self":[{"href":"https:\/\/blissparfum.codewalker.com.br\/index.php\/wp-json\/wp\/v2\/pages\/605","targetHints":{"allow":["GET"]}}],"collection":[{"href":"https:\/\/blissparfum.codewalker.com.br\/index.php\/wp-json\/wp\/v2\/pages"}],"about":[{"href":"https:\/\/blissparfum.codewalker.com.br\/index.php\/wp-json\/wp\/v2\/types\/page"}],"author":[{"embeddable":true,"href":"https:\/\/blissparfum.codewalker.com.br\/index.php\/wp-json\/wp\/v2\/users\/1"}],"replies":[{"embeddable":true,"href":"https:\/\/blissparfum.codewalker.com.br\/index.php\/wp-json\/wp\/v2\/comments?post=605"}],"version-history":[{"count":34,"href":"https:\/\/blissparfum.codewalker.com.br\/index.php\/wp-json\/wp\/v2\/pages\/605\/revisions"}],"predecessor-version":[{"id":659,"href":"https:\/\/blissparfum.codewalker.com.br\/index.php\/wp-json\/wp\/v2\/pages\/605\/revisions\/659"}],"wp:attachment":[{"href":"https:\/\/blissparfum.codewalker.com.br\/index.php\/wp-json\/wp\/v2\/media?parent=605"}],"curies":[{"name":"wp","href":"https:\/\/api.w.org\/{rel}","templated":true}]}}